{"id":105,"date":"2020-12-08T13:27:02","date_gmt":"2020-12-08T12:27:02","guid":{"rendered":"https:\/\/catering.malmborgs.se\/clemenstorget\/?page_id=105"},"modified":"2024-03-01T13:34:18","modified_gmt":"2024-03-01T12:34:18","slug":"checkout","status":"publish","type":"page","link":"https:\/\/catering.malmborgs.se\/clemenstorget\/checkout\/","title":{"rendered":"Checkout"},"content":{"rendered":"<p>N\u00e4r du skickar in din meny har du endast gjort en intressef\u00f6rfr\u00e5gan &#8211; inte en faktisk best\u00e4llning. S\u00e5 fort vi tagit emot din f\u00f6rfr\u00e5gan kontaktar vi dig f\u00f6r att slutf\u00f6ra best\u00e4llningen tillsammans. <span class=\"contentlink\">Intressef\u00f6rfr\u00e5gan \u00e4r inte bindande.<\/span><\/p>\n<p>T\u00e4nk p\u00e5 att vi beh\u00f6ver din best\u00e4llning minst tre vardagar innan avh\u00e4mtning.<br \/>\nVid kortare tid, kontakta k\u00f6ket s\u00e5 ser vi vad vi kan g\u00f6ra!<\/p>\n","protected":false},"excerpt":{"rendered":"<p>N\u00e4r du skickar in din meny har du endast gjort en intressef\u00f6rfr\u00e5gan &#8211; inte en faktisk best\u00e4llning. S\u00e5 fort vi tagit emot din f\u00f6rfr\u00e5gan kontaktar vi dig f\u00f6r att slutf\u00f6ra best\u00e4llningen tillsammans. Intressef\u00f6rfr\u00e5gan \u00e4r inte bindande. T\u00e4nk p\u00e5 att vi beh\u00f6ver din best\u00e4llning minst tre vardagar innan avh\u00e4mtning. Vid kortare tid, kontakta k\u00f6ket s\u00e5 ser [&hellip;]<\/p>\n","protected":false},"author":2,"featured_media":0,"parent":0,"menu_order":0,"comment_status":"closed","ping_status":"closed","template":"","meta":{"_acf_changed":false,"footnotes":""},"acf":[],"_links":{"self":[{"href":"https:\/\/catering.malmborgs.se\/clemenstorget\/wp-json\/wp\/v2\/pages\/105"}],"collection":[{"href":"https:\/\/catering.malmborgs.se\/clemenstorget\/wp-json\/wp\/v2\/pages"}],"about":[{"href":"https:\/\/catering.malmborgs.se\/clemenstorget\/wp-json\/wp\/v2\/types\/page"}],"author":[{"embeddable":true,"href":"https:\/\/catering.malmborgs.se\/clemenstorget\/wp-json\/wp\/v2\/users\/2"}],"replies":[{"embeddable":true,"href":"https:\/\/catering.malmborgs.se\/clemenstorget\/wp-json\/wp\/v2\/comments?post=105"}],"version-history":[{"count":5,"href":"https:\/\/catering.malmborgs.se\/clemenstorget\/wp-json\/wp\/v2\/pages\/105\/revisions"}],"predecessor-version":[{"id":2136,"href":"https:\/\/catering.malmborgs.se\/clemenstorget\/wp-json\/wp\/v2\/pages\/105\/revisions\/2136"}],"wp:attachment":[{"href":"https:\/\/catering.malmborgs.se\/clemenstorget\/wp-json\/wp\/v2\/media?parent=105"}],"curies":[{"name":"wp","href":"https:\/\/api.w.org\/{rel}","templated":true}]}}