{"id":111,"date":"2020-12-08T13:28:01","date_gmt":"2020-12-08T12:28:01","guid":{"rendered":"https:\/\/catering.malmborgs.se\/clemenstorget\/?page_id=111"},"modified":"2021-02-28T19:44:33","modified_gmt":"2021-02-28T18:44:33","slug":"personuppgiftspolicy","status":"publish","type":"page","link":"https:\/\/catering.malmborgs.se\/clemenstorget\/personuppgiftspolicy\/","title":{"rendered":"Personuppgiftspolicy"},"content":{"rendered":"<p><span class=\"icahand lead\">Vi skyddar dina personuppgifter<\/span><\/p>\n<p>F\u00f6r oss \u00e4r det viktigt att du k\u00e4nner dig trygg n\u00e4r du handlar och vet att vi hanterar dina personuppgifter p\u00e5 ett s\u00e4kert s\u00e4tt.<\/p>\n<p>Namn, mejladress och information om erbjudanden \u00e4r exempel p\u00e5 uppgifter som vi hanterar. Det g\u00f6r vi f\u00f6r att du \u00e4ven i forts\u00e4ttningen ska kunna f\u00e5 exempelvis erbjudanden och matinspiration fr\u00e5n oss.<br \/>\n&nbsp;<\/p>\n<p><img loading=\"lazy\" decoding=\"async\" src=\"https:\/\/catering.malmborgs.se\/clemenstorget\/wp-content\/uploads\/avdelare.png\" alt=\"\" width=\"1163\" height=\"12\" class=\"aligncenter size-full wp-image-459\" srcset=\"https:\/\/catering.malmborgs.se\/clemenstorget\/wp-content\/uploads\/avdelare.png 1163w, https:\/\/catering.malmborgs.se\/clemenstorget\/wp-content\/uploads\/avdelare-300x3.png 300w, https:\/\/catering.malmborgs.se\/clemenstorget\/wp-content\/uploads\/avdelare-1024x11.png 1024w, https:\/\/catering.malmborgs.se\/clemenstorget\/wp-content\/uploads\/avdelare-768x8.png 768w\" sizes=\"(max-width: 1163px) 100vw, 1163px\" \/><\/p>\n<p>Vill du veta mer om dina r\u00e4ttigheter eller hur ICA hanterar dina personuppgifter? G\u00e5 in p\u00e5 <a class=\"contentlink\" href=\"http:\/\/ica.se\/dataskydd\" target=\"_blank\" rel=\"noopener noreferrer\">ica.se\/dataskydd<\/a> eller kontakta ICA Kundservice p\u00e5 telefon 033 &#8211; 47 47 90.<\/p>\n<p>Du kan ocks\u00e5 mejla oss p\u00e5 <a class=\"contentlink\" href=\"mailto:kundkontakt@ica.se\">kundkontakt@ica.se<\/a>.<\/p>\n","protected":false},"excerpt":{"rendered":"<p>Vi skyddar dina personuppgifter F\u00f6r oss \u00e4r det viktigt att du k\u00e4nner dig trygg n\u00e4r du handlar och vet att vi hanterar dina personuppgifter p\u00e5 ett s\u00e4kert s\u00e4tt. Namn, mejladress och information om erbjudanden \u00e4r exempel p\u00e5 uppgifter som vi hanterar. Det g\u00f6r vi f\u00f6r att du \u00e4ven i forts\u00e4ttningen ska kunna f\u00e5 exempelvis erbjudanden [&hellip;]<\/p>\n","protected":false},"author":2,"featured_media":0,"parent":0,"menu_order":0,"comment_status":"closed","ping_status":"closed","template":"","meta":{"_acf_changed":false,"footnotes":""},"acf":[],"_links":{"self":[{"href":"https:\/\/catering.malmborgs.se\/clemenstorget\/wp-json\/wp\/v2\/pages\/111"}],"collection":[{"href":"https:\/\/catering.malmborgs.se\/clemenstorget\/wp-json\/wp\/v2\/pages"}],"about":[{"href":"https:\/\/catering.malmborgs.se\/clemenstorget\/wp-json\/wp\/v2\/types\/page"}],"author":[{"embeddable":true,"href":"https:\/\/catering.malmborgs.se\/clemenstorget\/wp-json\/wp\/v2\/users\/2"}],"replies":[{"embeddable":true,"href":"https:\/\/catering.malmborgs.se\/clemenstorget\/wp-json\/wp\/v2\/comments?post=111"}],"version-history":[{"count":5,"href":"https:\/\/catering.malmborgs.se\/clemenstorget\/wp-json\/wp\/v2\/pages\/111\/revisions"}],"predecessor-version":[{"id":1251,"href":"https:\/\/catering.malmborgs.se\/clemenstorget\/wp-json\/wp\/v2\/pages\/111\/revisions\/1251"}],"wp:attachment":[{"href":"https:\/\/catering.malmborgs.se\/clemenstorget\/wp-json\/wp\/v2\/media?parent=111"}],"curies":[{"name":"wp","href":"https:\/\/api.w.org\/{rel}","templated":true}]}}