{"id":207,"date":"2020-12-10T18:52:16","date_gmt":"2020-12-10T17:52:16","guid":{"rendered":"https:\/\/catering.malmborgs.se\/clemenstorget\/?page_id=207"},"modified":"2026-04-01T10:15:35","modified_gmt":"2026-04-01T08:15:35","slug":"smorgastarta","status":"publish","type":"page","link":"https:\/\/catering.malmborgs.se\/clemenstorget\/menyer\/smorgastarta\/","title":{"rendered":"Sm\u00f6rg\u00e5st\u00e5rta"},"content":{"rendered":"","protected":false},"excerpt":{"rendered":"","protected":false},"author":2,"featured_media":208,"parent":109,"menu_order":0,"comment_status":"closed","ping_status":"closed","template":"page-templates\/huvudkategori.php","meta":{"_acf_changed":false,"footnotes":""},"acf":[],"_links":{"self":[{"href":"https:\/\/catering.malmborgs.se\/clemenstorget\/wp-json\/wp\/v2\/pages\/207"}],"collection":[{"href":"https:\/\/catering.malmborgs.se\/clemenstorget\/wp-json\/wp\/v2\/pages"}],"about":[{"href":"https:\/\/catering.malmborgs.se\/clemenstorget\/wp-json\/wp\/v2\/types\/page"}],"author":[{"embeddable":true,"href":"https:\/\/catering.malmborgs.se\/clemenstorget\/wp-json\/wp\/v2\/users\/2"}],"replies":[{"embeddable":true,"href":"https:\/\/catering.malmborgs.se\/clemenstorget\/wp-json\/wp\/v2\/comments?post=207"}],"version-history":[{"count":8,"href":"https:\/\/catering.malmborgs.se\/clemenstorget\/wp-json\/wp\/v2\/pages\/207\/revisions"}],"predecessor-version":[{"id":2421,"href":"https:\/\/catering.malmborgs.se\/clemenstorget\/wp-json\/wp\/v2\/pages\/207\/revisions\/2421"}],"up":[{"embeddable":true,"href":"https:\/\/catering.malmborgs.se\/clemenstorget\/wp-json\/wp\/v2\/pages\/109"}],"wp:featuredmedia":[{"embeddable":true,"href":"https:\/\/catering.malmborgs.se\/clemenstorget\/wp-json\/wp\/v2\/media\/208"}],"wp:attachment":[{"href":"https:\/\/catering.malmborgs.se\/clemenstorget\/wp-json\/wp\/v2\/media?parent=207"}],"curies":[{"name":"wp","href":"https:\/\/api.w.org\/{rel}","templated":true}]}}