{"id":486,"date":"2021-01-06T19:09:03","date_gmt":"2021-01-06T18:09:03","guid":{"rendered":"https:\/\/catering.malmborgs.se\/clemenstorget\/?page_id=486"},"modified":"2022-02-07T14:26:20","modified_gmt":"2022-02-07T13:26:20","slug":"vara-villkor","status":"publish","type":"page","link":"https:\/\/catering.malmborgs.se\/clemenstorget\/vara-villkor\/","title":{"rendered":"V\u00e5ra villkor"},"content":{"rendered":"<p>1.  Din best\u00e4llning m\u00e5ste vara lagd senast tre vardagar innan \u00f6nskad avh\u00e4mtningen eller leverans.<\/p>\n<p>&nbsp;<\/p>\n<p>2. Efter att din intressef\u00f6rfr\u00e5gan inkommit till oss, kontaktar vi dig inom tv\u00e5 arbetsdagar.<\/p>\n<p>&nbsp;<\/p>\n<p>3. Vid best\u00e4llning kr\u00e4vs ditt fullst\u00e4ndiga namn, adress, telnr och mejladress.<\/p>\n<p>&nbsp;<\/p>\n<p>4. Avh\u00e4mtning kan ske mellan 06 och 23 alla dagar med undantag f\u00f6r julafton, ny\u00e5rsafton och midsommarafton. Vid best\u00e4llningstillf\u00e4llet \u00e4r det bra om vi \u00e4r \u00f6verens om en ungef\u00e4rlig upph\u00e4mtningstid.<\/p>\n<p>&nbsp;<\/p>\n<p>5. Vi kan erbjuda hemk\u00f6rning inom Lund mot en avgift. Prata med oss s\u00e5 ber\u00e4ttar vi mer.<\/p>\n<p>&nbsp;<\/p>\n<p>6. En lagd best\u00e4llning kan avbokas senast tv\u00e5 dagar innan avh\u00e4mtningsdagen. F\u00f6r avbokningar som kommer in senare \u00e4n s\u00e5, m\u00e5ste vi tyv\u00e4rr ta ut en avgift som motsvarar 40% av best\u00e4llningsv\u00e4rdet.<\/p>\n<p>&nbsp;<\/p>\n<p>7. Vi lagar och komponerar efter ditt tycke och smak. F\u00f6r oss i festk\u00f6ket finns det inga gr\u00e4nser n\u00e4r det kommer till att m\u00f6ta dina \u00f6nskem\u00e5l.<\/p>\n","protected":false},"excerpt":{"rendered":"<p>1. Din best\u00e4llning m\u00e5ste vara lagd senast tre vardagar innan \u00f6nskad avh\u00e4mtningen eller leverans. &nbsp; 2. Efter att din intressef\u00f6rfr\u00e5gan inkommit till oss, kontaktar vi dig inom tv\u00e5 arbetsdagar. &nbsp; 3. Vid best\u00e4llning kr\u00e4vs ditt fullst\u00e4ndiga namn, adress, telnr och mejladress. &nbsp; 4. Avh\u00e4mtning kan ske mellan 06 och 23 alla dagar med undantag f\u00f6r [&hellip;]<\/p>\n","protected":false},"author":2,"featured_media":0,"parent":0,"menu_order":0,"comment_status":"closed","ping_status":"closed","template":"","meta":{"_acf_changed":false,"footnotes":""},"acf":[],"_links":{"self":[{"href":"https:\/\/catering.malmborgs.se\/clemenstorget\/wp-json\/wp\/v2\/pages\/486"}],"collection":[{"href":"https:\/\/catering.malmborgs.se\/clemenstorget\/wp-json\/wp\/v2\/pages"}],"about":[{"href":"https:\/\/catering.malmborgs.se\/clemenstorget\/wp-json\/wp\/v2\/types\/page"}],"author":[{"embeddable":true,"href":"https:\/\/catering.malmborgs.se\/clemenstorget\/wp-json\/wp\/v2\/users\/2"}],"replies":[{"embeddable":true,"href":"https:\/\/catering.malmborgs.se\/clemenstorget\/wp-json\/wp\/v2\/comments?post=486"}],"version-history":[{"count":5,"href":"https:\/\/catering.malmborgs.se\/clemenstorget\/wp-json\/wp\/v2\/pages\/486\/revisions"}],"predecessor-version":[{"id":1848,"href":"https:\/\/catering.malmborgs.se\/clemenstorget\/wp-json\/wp\/v2\/pages\/486\/revisions\/1848"}],"wp:attachment":[{"href":"https:\/\/catering.malmborgs.se\/clemenstorget\/wp-json\/wp\/v2\/media?parent=486"}],"curies":[{"name":"wp","href":"https:\/\/api.w.org\/{rel}","templated":true}]}}