{"id":495,"date":"2021-01-06T19:13:18","date_gmt":"2021-01-06T18:13:18","guid":{"rendered":"https:\/\/catering.malmborgs.se\/clemenstorget\/?page_id=495"},"modified":"2022-02-03T11:38:08","modified_gmt":"2022-02-03T10:38:08","slug":"om-var-mat","status":"publish","type":"page","link":"https:\/\/catering.malmborgs.se\/clemenstorget\/om-var-mat\/","title":{"rendered":"Om v\u00e5r mat"},"content":{"rendered":"<p><span class=\"lead icahand\">Vi handplockar de b\u00e4sta varorna i s\u00e4song g\u00e4rna fr\u00e5n mindre och lokala producenter. Vi vill nyttja det svenska utbudet i s\u00e5 stor utstr\u00e4ckning som m\u00f6jligt till den mat vi tillverkar i v\u00e5rt k\u00f6k. Vi arbetar enbart med svenskt k\u00f6tt och f\u00e5gel.<\/span><br \/>\n&nbsp;<br \/>\n<img decoding=\"async\" src=\"https:\/\/catering.malmborgs.se\/clemenstorget\/wp-content\/uploads\/avdelare.png\" \/><br \/>\n&nbsp;<br \/>\nVi p\u00e5 Ica Malmborgs Clemenstorget v\u00e4ljer leverant\u00f6rer med stor omsorg och de r\u00e5varor vi anv\u00e4nder ska vara odlade eller framst\u00e4llda p\u00e5 ett s\u00e4tt som \u00e4r bra f\u00f6r b\u00e5de din h\u00e4lsa och v\u00e5r jord. Fairtrade, KRAV, MSC och Svanen \u00e4r exempel p\u00e5 m\u00e4rkningar som vi gillar.<br \/>\n&nbsp;<br \/>\n<a href=\"https:\/\/malmborgs.se\/om-oss\/certifieringar\/\" class=\"contentlink pil\">H\u00e4r kan du l\u00e4sa mer om v\u00e5ra m\u00e4rkningar och certifieringar<\/a><br \/>\n&nbsp;<br \/>\nVi f\u00f6rs\u00f6ker ocks\u00e5 st\u00f6tta sm\u00e5 producenter &#8211; g\u00e4rna lokalt &#8211; som framst\u00e4ller sina varor p\u00e5 ett hantverksm\u00e4ssigt s\u00e4tt och g\u00e5rdar som l\u00e5ter djuren vara ute och leva s\u00e5 naturligt som det \u00e4r m\u00f6jligt.<\/p>\n","protected":false},"excerpt":{"rendered":"<p>Vi handplockar de b\u00e4sta varorna i s\u00e4song g\u00e4rna fr\u00e5n mindre och lokala producenter. Vi vill nyttja det svenska utbudet i s\u00e5 stor utstr\u00e4ckning som m\u00f6jligt till den mat vi tillverkar i v\u00e5rt k\u00f6k. Vi arbetar enbart med svenskt k\u00f6tt och f\u00e5gel. &nbsp; &nbsp; Vi p\u00e5 Ica Malmborgs Clemenstorget v\u00e4ljer leverant\u00f6rer med stor omsorg och de [&hellip;]<\/p>\n","protected":false},"author":2,"featured_media":0,"parent":0,"menu_order":0,"comment_status":"closed","ping_status":"closed","template":"","meta":{"_acf_changed":false,"footnotes":""},"acf":[],"_links":{"self":[{"href":"https:\/\/catering.malmborgs.se\/clemenstorget\/wp-json\/wp\/v2\/pages\/495"}],"collection":[{"href":"https:\/\/catering.malmborgs.se\/clemenstorget\/wp-json\/wp\/v2\/pages"}],"about":[{"href":"https:\/\/catering.malmborgs.se\/clemenstorget\/wp-json\/wp\/v2\/types\/page"}],"author":[{"embeddable":true,"href":"https:\/\/catering.malmborgs.se\/clemenstorget\/wp-json\/wp\/v2\/users\/2"}],"replies":[{"embeddable":true,"href":"https:\/\/catering.malmborgs.se\/clemenstorget\/wp-json\/wp\/v2\/comments?post=495"}],"version-history":[{"count":5,"href":"https:\/\/catering.malmborgs.se\/clemenstorget\/wp-json\/wp\/v2\/pages\/495\/revisions"}],"predecessor-version":[{"id":1805,"href":"https:\/\/catering.malmborgs.se\/clemenstorget\/wp-json\/wp\/v2\/pages\/495\/revisions\/1805"}],"wp:attachment":[{"href":"https:\/\/catering.malmborgs.se\/clemenstorget\/wp-json\/wp\/v2\/media?parent=495"}],"curies":[{"name":"wp","href":"https:\/\/api.w.org\/{rel}","templated":true}]}}